{"id":3,"date":"2020-07-24T06:37:49","date_gmt":"2020-07-24T06:37:49","guid":{"rendered":"https:\/\/www.i-pro.hu:443\/?page_id=3"},"modified":"2022-06-13T11:28:17","modified_gmt":"2022-06-13T09:28:17","slug":"adatkezelesi-tajekoztato","status":"publish","type":"page","link":"https:\/\/i-pro.hu\/?page_id=3","title":{"rendered":"Adatv\u00e9delem"},"content":{"rendered":"\n<p><\/p>\n\n\n\n<p class=\"has-subtle-background-color has-text-color\">AZ EUR\u00d3PAI PARLAMENT \u00c9S A TAN\u00c1CS (EU) 2016\/679 RENDELETE (a tov\u00e1bbiakban: Rendelet) el\u0151\u00edrja, hogy az Adatkezel\u0151 megfelel\u0151 int\u00e9zked\u00e9seket hoz annak \u00e9rdek\u00e9ben, hogy az \u00e9rintett r\u00e9sz\u00e9re a szem\u00e9lyes adatok kezel\u00e9s\u00e9re vonatkoz\u00f3, minden egyes t\u00e1j\u00e9koztat\u00e1st t\u00f6m\u00f6r, \u00e1tl\u00e1that\u00f3, \u00e9rthet\u0151 \u00e9s k\u00f6nnyen hozz\u00e1f\u00e9rhet\u0151 form\u00e1ban, vil\u00e1gosan \u00e9s k\u00f6z\u00e9rthet\u0151en megfogalmazva ny\u00fajtsa, tov\u00e1bb\u00e1 hogy az Adatkezel\u0151 el\u0151seg\u00edti az \u00e9rintett jogainak a gyakorl\u00e1s\u00e1t.<\/p>\n\n\n\n<p class=\"has-subtle-background-color has-text-color\">Az I-PRO Hungary Kft. (2509 Esztergom-Kertv\u00e1ros, Jarosik Jakab u. 2.), a tov\u00e1bbiakban mint adatkezel\u0151, mag\u00e1ra n\u00e9zve k\u00f6telez\u0151nek ismeri el jelen jogi k\u00f6zlem\u00e9ny tartalm\u00e1t. K\u00f6telezetts\u00e9get v\u00e1llal arra, hogy tev\u00e9kenys\u00e9g\u00e9vel kapcsolatos minden adatkezel\u00e9s megfelel a jelen szab\u00e1lyzatban \u00e9s a hat\u00e1lyos jogszab\u00e1lyokban meghat\u00e1rozott elv\u00e1r\u00e1soknak.<\/p>\n\n\n\n<p class=\"has-subtle-background-color has-text-color\">Az I-PRO Hungary Kft. fenntartja mag\u00e1nak a jogot jelen t\u00e1j\u00e9koztat\u00f3 b\u00e1rmikori megv\u00e1ltoztat\u00e1s\u00e1ra. Term\u00e9szetesen az esetleges v\u00e1ltoz\u00e1sokr\u00f3l kell\u0151 id\u0151ben \u00e9rtes\u00edti az \u00e9rintetteket.<\/p>\n\n\n\n<p class=\"has-subtle-background-color has-text-color\">Az I-PRO Hungary Kft. elk\u00f6telezett munkat\u00e1rsai, \u00fcgyfelei \u00e9s partnerei szem\u00e9lyes adatainak v\u00e9delm\u00e9ben, kiemelten fontosnak tartja az \u00e9rintettek inform\u00e1ci\u00f3s \u00f6nrendelkez\u00e9si jog\u00e1nak tiszteletben tart\u00e1s\u00e1t. Az I-PRO Hungary Kft. a szem\u00e9lyes adatokat bizalmasan kezeli, \u00e9s megtesz minden olyan biztons\u00e1gi, technikai \u00e9s szervez\u00e9si int\u00e9zked\u00e9st, mely az adatok biztons\u00e1g\u00e1t garant\u00e1lja.<\/p>\n\n\n\n<p class=\"has-subtle-background-color has-text-color\">Amennyiben megkeresn\u00e9 T\u00e1rsas\u00e1gunkat, a jelen t\u00e1j\u00e9koztat\u00f3ban megadott, illetve a honlapon elhelyezett el\u00e9rhet\u0151s\u00e9gen l\u00e9phet kapcsolat az adatkezel\u0151vel. Az I-PRO Hungary Kft. minden hozz\u00e1 be\u00e9rkezett e-mailt a k\u00fcld\u0151 nev\u00e9vel, e-mail c\u00edm\u00e9vel, a d\u00e1tum, id\u0151pont adatokkal \u00e9s m\u00e1s az \u00fczenetben megadott egy\u00e9b szem\u00e9lyes adatokkal egy\u00fctt az adatk\u00f6zl\u00e9st\u0151l sz\u00e1m\u00edtott legfeljebb \u00f6t \u00e9v eltelt\u00e9vel t\u00f6r\u00f6l.<\/p>\n\n\n\n<p class=\"has-subtle-background-color has-text-color\">Amennyiben k\u00e9rd\u00e9se lenne jelen k\u00f6zlem\u00e9ny\u00fcnkkel kapcsolatban, k\u00e9rj\u00fck, \u00edrja meg nek\u00fcnk, \u00e9s koll\u00e9g\u00e1nk megv\u00e1laszolja k\u00e9rd\u00e9s\u00e9t.<\/p>\n\n\n\n<p class=\"has-subtle-background-color has-text-color\">Jelen adatkezel\u00e9si t\u00e1j\u00e9koztat\u00f3 az I-PRO Hungary Kft. adatkezel\u00e9s\u00e9t ismerteti.<\/p>\n\n\n\n<p><a href=\"https:\/\/i-pro.hu\/wp-content\/uploads\/2022\/06\/SZ03K3_I-PRO-Hungary_Adatkezelesi_szabalyzat.pdf\">I-PRO Hungary Kft Adatkezel\u00e9si szab\u00e1lyzat<\/a><\/p>\n","protected":false},"excerpt":{"rendered":"<p>AZ EUR\u00d3PAI PARLAMENT \u00c9S A TAN\u00c1CS (EU) 2016\/679 RENDELETE (a tov\u00e1bbiakban: Rendelet) el\u0151\u00edrja, hogy az Adatkezel\u0151 megfelel\u0151 int\u00e9zked\u00e9seket hoz annak \u00e9rdek\u00e9ben, hogy az \u00e9rintett r\u00e9sz\u00e9re a szem\u00e9lyes adatok kezel\u00e9s\u00e9re vonatkoz\u00f3, minden egyes t\u00e1j\u00e9koztat\u00e1st t\u00f6m\u00f6r, \u00e1tl\u00e1that\u00f3, \u00e9rthet\u0151 \u00e9s k\u00f6nnyen hozz\u00e1f\u00e9rhet\u0151 form\u00e1ban, vil\u00e1gosan \u00e9s k\u00f6z\u00e9rthet\u0151en megfogalmazva ny\u00fajtsa, tov\u00e1bb\u00e1 hogy az Adatkezel\u0151 el\u0151seg\u00edti az \u00e9rintett jogainak a gyakorl\u00e1s\u00e1t. Az I-PRO Hungary Kft. (2509 Esztergom-Kertv\u00e1ros, Jarosik Jakab u. 2.), a tov\u00e1bbiakban mint adatkezel\u0151, mag\u00e1ra n\u00e9zve k\u00f6telez\u0151nek ismeri el jelen jogi k\u00f6zlem\u00e9ny tartalm\u00e1t. K\u00f6telezetts\u00e9get v\u00e1llal arra, hogy tev\u00e9kenys\u00e9g\u00e9vel kapcsolatos minden adatkezel\u00e9s megfelel a jelen szab\u00e1lyzatban \u00e9s a hat\u00e1lyos jogszab\u00e1lyokban meghat\u00e1rozott elv\u00e1r\u00e1soknak. Az I-PRO Hungary Kft. fenntartja mag\u00e1nak a jogot jelen t\u00e1j\u00e9koztat\u00f3 b\u00e1rmikori megv\u00e1ltoztat\u00e1s\u00e1ra. Term\u00e9szetesen az esetleges v\u00e1ltoz\u00e1sokr\u00f3l kell\u0151 id\u0151ben \u00e9rtes\u00edti az \u00e9rintetteket. Az I-PRO Hungary Kft. elk\u00f6telezett munkat\u00e1rsai, \u00fcgyfelei \u00e9s partnerei szem\u00e9lyes adatainak v\u00e9delm\u00e9ben, kiemelten fontosnak tartja az \u00e9rintettek inform\u00e1ci\u00f3s \u00f6nrendelkez\u00e9si jog\u00e1nak tiszteletben tart\u00e1s\u00e1t. Az I-PRO Hungary Kft. a szem\u00e9lyes adatokat bizalmasan kezeli, \u00e9s megtesz minden olyan biztons\u00e1gi, technikai \u00e9s szervez\u00e9si int\u00e9zked\u00e9st, mely az adatok biztons\u00e1g\u00e1t garant\u00e1lja. Amennyiben megkeresn\u00e9 T\u00e1rsas\u00e1gunkat, a jelen t\u00e1j\u00e9koztat\u00f3ban megadott, illetve a honlapon elhelyezett el\u00e9rhet\u0151s\u00e9gen l\u00e9phet kapcsolat az adatkezel\u0151vel. Az I-PRO Hungary Kft. minden hozz\u00e1 be\u00e9rkezett e-mailt a k\u00fcld\u0151 nev\u00e9vel, e-mail c\u00edm\u00e9vel, a d\u00e1tum, id\u0151pont adatokkal \u00e9s m\u00e1s az \u00fczenetben megadott egy\u00e9b szem\u00e9lyes adatokkal egy\u00fctt az adatk\u00f6zl\u00e9st\u0151l sz\u00e1m\u00edtott legfeljebb \u00f6t \u00e9v eltelt\u00e9vel t\u00f6r\u00f6l. Amennyiben k\u00e9rd\u00e9se lenne jelen k\u00f6zlem\u00e9ny\u00fcnkkel kapcsolatban, k\u00e9rj\u00fck, \u00edrja meg nek\u00fcnk, \u00e9s koll\u00e9g\u00e1nk megv\u00e1laszolja k\u00e9rd\u00e9s\u00e9t. Jelen adatkezel\u00e9si t\u00e1j\u00e9koztat\u00f3 az I-PRO Hungary Kft. adatkezel\u00e9s\u00e9t ismerteti. I-PRO Hungary Kft Adatkezel\u00e9si szab\u00e1lyzat<\/p>\n","protected":false},"author":1,"featured_media":0,"parent":0,"menu_order":0,"comment_status":"closed","ping_status":"open","template":"templates\/template-full-width.php","meta":[],"_links":{"self":[{"href":"https:\/\/i-pro.hu\/index.php?rest_route=\/wp\/v2\/pages\/3"}],"collection":[{"href":"https:\/\/i-pro.hu\/index.php?rest_route=\/wp\/v2\/pages"}],"about":[{"href":"https:\/\/i-pro.hu\/index.php?rest_route=\/wp\/v2\/types\/page"}],"author":[{"embeddable":true,"href":"https:\/\/i-pro.hu\/index.php?rest_route=\/wp\/v2\/users\/1"}],"replies":[{"embeddable":true,"href":"https:\/\/i-pro.hu\/index.php?rest_route=%2Fwp%2Fv2%2Fcomments&post=3"}],"version-history":[{"count":19,"href":"https:\/\/i-pro.hu\/index.php?rest_route=\/wp\/v2\/pages\/3\/revisions"}],"predecessor-version":[{"id":281,"href":"https:\/\/i-pro.hu\/index.php?rest_route=\/wp\/v2\/pages\/3\/revisions\/281"}],"wp:attachment":[{"href":"https:\/\/i-pro.hu\/index.php?rest_route=%2Fwp%2Fv2%2Fmedia&parent=3"}],"curies":[{"name":"wp","href":"https:\/\/api.w.org\/{rel}","templated":true}]}}