{"id":34,"date":"2020-07-24T13:48:04","date_gmt":"2020-07-24T11:48:04","guid":{"rendered":"https:\/\/i-pro.hu\/?page_id=34"},"modified":"2020-07-24T21:41:25","modified_gmt":"2020-07-24T19:41:25","slug":"kaspcsolat","status":"publish","type":"page","link":"https:\/\/i-pro.hu\/?page_id=34","title":{"rendered":"Kapcsolat"},"content":{"rendered":"\n<p><\/p>\n\n\n\n<div class=\"wp-container-1 wp-block-group has-subtle-background-color has-text-color\"><div class=\"wp-block-group__inner-container\">\n<ul><li>C\u00edm: 2509 Esztergom- Kertv\u00e1ros, Jarosik Jakab u. 2.<\/li><li>GPS koordin\u00e1ta: 47.74810, 18.73190<\/li><li>Telefon: +36 33 555 132<\/li><li>Fax: +36 33 555 1333<\/li><li>Recepci\u00f3: +36 70 360 2138<\/li><li>Szem\u00e9lyzeti oszt\u00e1ly: +36 20 457 6598<\/li><li>Beszerz\u00e9si oszt\u00e1ly: +36 70 332 6087<\/li><li>Menedzsment:+36 20 389 3323<\/li><li>E-mail: <a href=\"mailto:i-pro@i-pro.hu\">i-pro@i-pro.hu<\/a><\/li><\/ul>\n<\/div><\/div>\n","protected":false},"excerpt":{"rendered":"<p>C\u00edm: 2509 Esztergom- Kertv\u00e1ros, Jarosik Jakab u. 2. GPS koordin\u00e1ta: 47.74810, 18.73190 Telefon: +36 33 555 132 Fax: +36 33 555 1333 Recepci\u00f3: +36 70 360 2138 Szem\u00e9lyzeti oszt\u00e1ly: +36 20 457 6598 Beszerz\u00e9si oszt\u00e1ly: +36 70 332 6087 Menedzsment:+36 20 389 3323 E-mail: i-pro@i-pro.hu<\/p>\n","protected":false},"author":1,"featured_media":0,"parent":0,"menu_order":0,"comment_status":"closed","ping_status":"closed","template":"","meta":[],"_links":{"self":[{"href":"https:\/\/i-pro.hu\/index.php?rest_route=\/wp\/v2\/pages\/34"}],"collection":[{"href":"https:\/\/i-pro.hu\/index.php?rest_route=\/wp\/v2\/pages"}],"about":[{"href":"https:\/\/i-pro.hu\/index.php?rest_route=\/wp\/v2\/types\/page"}],"author":[{"embeddable":true,"href":"https:\/\/i-pro.hu\/index.php?rest_route=\/wp\/v2\/users\/1"}],"replies":[{"embeddable":true,"href":"https:\/\/i-pro.hu\/index.php?rest_route=%2Fwp%2Fv2%2Fcomments&post=34"}],"version-history":[{"count":10,"href":"https:\/\/i-pro.hu\/index.php?rest_route=\/wp\/v2\/pages\/34\/revisions"}],"predecessor-version":[{"id":162,"href":"https:\/\/i-pro.hu\/index.php?rest_route=\/wp\/v2\/pages\/34\/revisions\/162"}],"wp:attachment":[{"href":"https:\/\/i-pro.hu\/index.php?rest_route=%2Fwp%2Fv2%2Fmedia&parent=34"}],"curies":[{"name":"wp","href":"https:\/\/api.w.org\/{rel}","templated":true}]}}