{"id":38,"date":"2020-07-24T13:49:37","date_gmt":"2020-07-24T11:49:37","guid":{"rendered":"https:\/\/i-pro.hu\/?page_id=38"},"modified":"2020-07-24T21:39:59","modified_gmt":"2020-07-24T19:39:59","slug":"rolunk","status":"publish","type":"page","link":"https:\/\/i-pro.hu\/?page_id=38","title":{"rendered":"C\u00e9gbemutat\u00e1s"},"content":{"rendered":"\n<p><\/p>\n\n\n\n<p class=\"has-text-color has-subtle-background-color\">Az I-PRO Hungary Kft-t 1997-ben magyar mag\u00e1nszem\u00e9lyek alap\u00edtott\u00e1k, a c\u00e9g jelenleg is csal\u00e1di tulajdonban van. Telephely\u00fcnk Esztergom-Kertv\u00e1rosban tal\u00e1lhat\u00f3, mind\u00f6ssze 35 km-re Budapestt\u0151l.<\/p>\n\n\n\n<p class=\"has-text-color has-subtle-background-color\">F\u0151 tev\u00e9kenys\u00e9g\u00fcnk az elektrotechnikai alkatr\u00e9szek k\u00e9zi-, f\u00e9lautomata- \u00e9s automata \u00f6sszeszerel\u00e9se,&nbsp;valamint csomagol\u00e1sa. Emellett sz\u00ednvonalas rakt\u00e1roz\u00e1si szolg\u00e1ltat\u00e1s ny\u00fajt\u00e1s\u00e1val is megb\u00edz\u00f3ink&nbsp;rendelkez\u00e9s\u00e9re \u00e1llunk. Nagy tapasztalattal rendelkez\u00fcnk e tev\u00e9kenys\u00e9gek megszervez\u00e9s\u00e9ben \u00e9s magas&nbsp;min\u0151s\u00e9gi krit\u00e9riumoknak megfelel\u0151 megval\u00f3s\u00edt\u00e1s\u00e1ban. A partnerek elv\u00e1r\u00e1saiknak megfelel\u0151en egyedi&nbsp;folyamatokat, dedik\u00e1lt logisztik\u00e1t \u00e9s fizikai szepar\u00e1ci\u00f3t val\u00f3s\u00edtunk meg.<\/p>\n\n\n\n<p class=\"has-text-color has-subtle-background-color\">Emellett megb\u00edz\u00f3inknak v\u00e9gz\u00fcnk b\u00e9rm\u00e9r\u00e9st 3D m\u00e9r\u0151g\u00e9p\u00fcnkkel.<\/p>\n\n\n\n<p class=\"has-text-color has-subtle-background-color\">A k\u00e9pzett szem\u00e9lyzet mellett 2013-ban \u00e9p\u00fclt \u00faj \u00fczemcsarnokunk \u00e9s iroda\u00e9p\u00fclet\u00fcnk, valamint tov\u00e1bbi jelent\u0151s infrastrukt\u00fara -minden sz\u00fcks\u00e9ges sz\u00e1ll\u00edt\u00f3- \u00e9s anyagmozgat\u00f3 eszk\u00f6z, m\u00e9r\u0151- \u00e9s vizsg\u00e1l\u00f3berendez\u00e9s, fejlett informatikai h\u00e1l\u00f3zat- \u00e1ll rendelkez\u00e9s\u00fcnkre c\u00e9ljaink megval\u00f3s\u00edt\u00e1s\u00e1hoz. \u00dagy v\u00e9lj\u00fck a felt\u00e9telek mind egy korrekt \u00e9s rugalmas egy\u00fcttm\u0171k\u00f6d\u00e9s lehet\u0151s\u00e9g\u00e9t adj\u00e1k.<\/p>\n\n\n\n<p class=\"has-text-color has-subtle-background-color\">C\u00e9g\u00fcnk fenn\u00e1ll\u00e1sa \u00f3ta a min\u0151s\u00e9g mellett a vev\u0151i el\u00e9gedetts\u00e9get tartja a legfontosabb el\u00e9rend\u0151 c\u00e9lnak.<\/p>\n\n\n\n<p class=\"has-text-color has-subtle-background-color\">A megb\u00edz\u00f3k \u00e1ltal t\u00e1masztott szigor\u00fa min\u0151s\u00e9g\u00fcgyi krit\u00e9riumokat teljes\u00edtve az I-Pro Hungary Kft-t min\u0151s\u00edtett, strat\u00e9giai besz\u00e1ll\u00edt\u00f3 partnerk\u00e9nt tartj\u00e1k sz\u00e1mon. Tapasztalataink \u00e9s a bels\u0151 min\u0151s\u00e9gir\u00e1ny\u00edt\u00e1si \u00e9s teljes\u00edtm\u00e9ny\u00e9rt\u00e9kel\u00e9si rendszerek garant\u00e1lj\u00e1k, hogy a megfelel\u0151en k\u00e9pzett szakemberg\u00e1rda folyamatosan magas sz\u00ednvonal\u00fa teljes\u00edtm\u00e9nyt ny\u00fajtson.<\/p>\n","protected":false},"excerpt":{"rendered":"<p>Az I-PRO Hungary Kft-t 1997-ben magyar mag\u00e1nszem\u00e9lyek alap\u00edtott\u00e1k, a c\u00e9g jelenleg is csal\u00e1di tulajdonban van. Telephely\u00fcnk Esztergom-Kertv\u00e1rosban tal\u00e1lhat\u00f3, mind\u00f6ssze 35 km-re Budapestt\u0151l. F\u0151 tev\u00e9kenys\u00e9g\u00fcnk az elektrotechnikai alkatr\u00e9szek k\u00e9zi-, f\u00e9lautomata- \u00e9s automata \u00f6sszeszerel\u00e9se,&nbsp;valamint csomagol\u00e1sa. Emellett sz\u00ednvonalas rakt\u00e1roz\u00e1si szolg\u00e1ltat\u00e1s ny\u00fajt\u00e1s\u00e1val is megb\u00edz\u00f3ink&nbsp;rendelkez\u00e9s\u00e9re \u00e1llunk. Nagy tapasztalattal rendelkez\u00fcnk e tev\u00e9kenys\u00e9gek megszervez\u00e9s\u00e9ben \u00e9s magas&nbsp;min\u0151s\u00e9gi krit\u00e9riumoknak megfelel\u0151 megval\u00f3s\u00edt\u00e1s\u00e1ban. A partnerek elv\u00e1r\u00e1saiknak megfelel\u0151en egyedi&nbsp;folyamatokat, dedik\u00e1lt logisztik\u00e1t \u00e9s fizikai szepar\u00e1ci\u00f3t val\u00f3s\u00edtunk meg. Emellett megb\u00edz\u00f3inknak v\u00e9gz\u00fcnk b\u00e9rm\u00e9r\u00e9st 3D m\u00e9r\u0151g\u00e9p\u00fcnkkel. A k\u00e9pzett szem\u00e9lyzet mellett 2013-ban \u00e9p\u00fclt \u00faj \u00fczemcsarnokunk \u00e9s iroda\u00e9p\u00fclet\u00fcnk, valamint tov\u00e1bbi jelent\u0151s infrastrukt\u00fara -minden sz\u00fcks\u00e9ges sz\u00e1ll\u00edt\u00f3- \u00e9s anyagmozgat\u00f3 eszk\u00f6z, m\u00e9r\u0151- \u00e9s vizsg\u00e1l\u00f3berendez\u00e9s, fejlett informatikai h\u00e1l\u00f3zat- \u00e1ll rendelkez\u00e9s\u00fcnkre c\u00e9ljaink megval\u00f3s\u00edt\u00e1s\u00e1hoz. \u00dagy v\u00e9lj\u00fck a felt\u00e9telek mind egy korrekt \u00e9s rugalmas egy\u00fcttm\u0171k\u00f6d\u00e9s lehet\u0151s\u00e9g\u00e9t adj\u00e1k. C\u00e9g\u00fcnk fenn\u00e1ll\u00e1sa \u00f3ta a min\u0151s\u00e9g mellett a vev\u0151i el\u00e9gedetts\u00e9get tartja a legfontosabb el\u00e9rend\u0151 c\u00e9lnak. A megb\u00edz\u00f3k \u00e1ltal t\u00e1masztott szigor\u00fa min\u0151s\u00e9g\u00fcgyi krit\u00e9riumokat teljes\u00edtve az I-Pro Hungary Kft-t min\u0151s\u00edtett, strat\u00e9giai besz\u00e1ll\u00edt\u00f3 partnerk\u00e9nt tartj\u00e1k sz\u00e1mon. Tapasztalataink \u00e9s a bels\u0151 min\u0151s\u00e9gir\u00e1ny\u00edt\u00e1si \u00e9s teljes\u00edtm\u00e9ny\u00e9rt\u00e9kel\u00e9si rendszerek garant\u00e1lj\u00e1k, hogy a megfelel\u0151en k\u00e9pzett szakemberg\u00e1rda folyamatosan magas sz\u00ednvonal\u00fa teljes\u00edtm\u00e9nyt ny\u00fajtson.<\/p>\n","protected":false},"author":1,"featured_media":0,"parent":0,"menu_order":0,"comment_status":"closed","ping_status":"closed","template":"templates\/template-full-width.php","meta":[],"_links":{"self":[{"href":"https:\/\/i-pro.hu\/index.php?rest_route=\/wp\/v2\/pages\/38"}],"collection":[{"href":"https:\/\/i-pro.hu\/index.php?rest_route=\/wp\/v2\/pages"}],"about":[{"href":"https:\/\/i-pro.hu\/index.php?rest_route=\/wp\/v2\/types\/page"}],"author":[{"embeddable":true,"href":"https:\/\/i-pro.hu\/index.php?rest_route=\/wp\/v2\/users\/1"}],"replies":[{"embeddable":true,"href":"https:\/\/i-pro.hu\/index.php?rest_route=%2Fwp%2Fv2%2Fcomments&post=38"}],"version-history":[{"count":6,"href":"https:\/\/i-pro.hu\/index.php?rest_route=\/wp\/v2\/pages\/38\/revisions"}],"predecessor-version":[{"id":159,"href":"https:\/\/i-pro.hu\/index.php?rest_route=\/wp\/v2\/pages\/38\/revisions\/159"}],"wp:attachment":[{"href":"https:\/\/i-pro.hu\/index.php?rest_route=%2Fwp%2Fv2%2Fmedia&parent=38"}],"curies":[{"name":"wp","href":"https:\/\/api.w.org\/{rel}","templated":true}]}}