{"id":455,"date":"2026-05-10T18:40:50","date_gmt":"2026-05-10T16:40:50","guid":{"rendered":"https:\/\/i-pro.hu\/?page_id=455"},"modified":"2026-05-10T19:03:49","modified_gmt":"2026-05-10T17:03:49","slug":"eti-alapkodex","status":"publish","type":"page","link":"https:\/\/i-pro.hu\/?page_id=455","title":{"rendered":"ETI Alapk\u00f3dex"},"content":{"rendered":"\n<p>Az I-PRO Hungary Kft. az ETI Alapk\u00f3dex minden pontj\u00e1t mag\u00e1ra n\u00e9zve k\u00f6telez\u0151nek ismeri el. A c\u00e9l, hogy a c\u00e9g alkalmazottai egy\u00e9rtelm\u0171 k\u00e9pet kapjanak a m\u0171k\u00f6d\u00e9s\u00fcnk sor\u00e1n \u00e9rv\u00e9nyes\u00fcl\u0151 szeml\u00e9letr\u0151l \u00e9s hogy minden alkalmazott tiszt\u00e1ban legyen az etikai szempontokkal, k\u00f6vetelm\u00e9nyekkel \u00e9s alapelvekkel, melyeket a m\u0171k\u00f6d\u00e9s\u00fcnk sor\u00e1n szem el\u0151tt tartunk.<\/p>\n\n\n\n<p><\/p>\n\n\n\n<p><a href=\"https:\/\/i-pro.hu\/wp-content\/uploads\/2026\/05\/ETI-kodex.pdf\" data-type=\"URL\" data-id=\"https:\/\/i-pro.hu\/wp-content\/uploads\/2026\/05\/ETI-kodex.pdf\">ETI Alapk\u00f3dex<\/a><\/p>\n","protected":false},"excerpt":{"rendered":"<p>Az I-PRO Hungary Kft. az ETI Alapk\u00f3dex minden pontj\u00e1t mag\u00e1ra n\u00e9zve k\u00f6telez\u0151nek ismeri el. A c\u00e9l, hogy a c\u00e9g alkalmazottai egy\u00e9rtelm\u0171 k\u00e9pet kapjanak a m\u0171k\u00f6d\u00e9s\u00fcnk sor\u00e1n \u00e9rv\u00e9nyes\u00fcl\u0151 szeml\u00e9letr\u0151l \u00e9s hogy minden alkalmazott tiszt\u00e1ban legyen az etikai szempontokkal, k\u00f6vetelm\u00e9nyekkel \u00e9s alapelvekkel, melyeket a m\u0171k\u00f6d\u00e9s\u00fcnk sor\u00e1n szem el\u0151tt tartunk. ETI Alapk\u00f3dex<\/p>\n","protected":false},"author":2,"featured_media":0,"parent":0,"menu_order":0,"comment_status":"closed","ping_status":"closed","template":"","meta":[],"_links":{"self":[{"href":"https:\/\/i-pro.hu\/index.php?rest_route=\/wp\/v2\/pages\/455"}],"collection":[{"href":"https:\/\/i-pro.hu\/index.php?rest_route=\/wp\/v2\/pages"}],"about":[{"href":"https:\/\/i-pro.hu\/index.php?rest_route=\/wp\/v2\/types\/page"}],"author":[{"embeddable":true,"href":"https:\/\/i-pro.hu\/index.php?rest_route=\/wp\/v2\/users\/2"}],"replies":[{"embeddable":true,"href":"https:\/\/i-pro.hu\/index.php?rest_route=%2Fwp%2Fv2%2Fcomments&post=455"}],"version-history":[{"count":5,"href":"https:\/\/i-pro.hu\/index.php?rest_route=\/wp\/v2\/pages\/455\/revisions"}],"predecessor-version":[{"id":465,"href":"https:\/\/i-pro.hu\/index.php?rest_route=\/wp\/v2\/pages\/455\/revisions\/465"}],"wp:attachment":[{"href":"https:\/\/i-pro.hu\/index.php?rest_route=%2Fwp%2Fv2%2Fmedia&parent=455"}],"curies":[{"name":"wp","href":"https:\/\/api.w.org\/{rel}","templated":true}]}}