{"id":58,"date":"2020-07-24T18:34:03","date_gmt":"2020-07-24T16:34:03","guid":{"rendered":"https:\/\/i-pro.hu\/?page_id=58"},"modified":"2024-08-30T15:50:07","modified_gmt":"2024-08-30T13:50:07","slug":"minosegbiztositasi-alapelvek","status":"publish","type":"page","link":"https:\/\/i-pro.hu\/?page_id=58","title":{"rendered":"Min\u0151s\u00e9gbiztos\u00edt\u00e1si alapelvek"},"content":{"rendered":"\n<p><\/p>\n\n\n\n<p class=\"has-subtle-background-color has-text-color\">C\u00e9g\u00fcnk m\u00e1r a megalap\u00edt\u00e1s kezdetekor a min\u0151s\u00e9get \u00e1ll\u00edtotta tev\u00e9kenys\u00e9ge k\u00f6z\u00e9ppontj\u00e1ba. C\u00e9lkit\u0171z\u00e9seink k\u00f6z\u00f6tt szerepel szolg\u00e1ltat\u00e1saink folyamatos min\u0151s\u00e9gi fejleszt\u00e9se, illetve \u00fcgyfeleink min\u0151s\u00e9gi kiszolg\u00e1l\u00e1sa. <\/p>\n\n\n\n<p class=\"has-subtle-background-color has-text-color\">Annak \u00e9rdek\u00e9ben, hogy keretet adjunk c\u00e9lkit\u0171z\u00e9seinknek, c\u00e9g\u00fcnk integr\u00e1lt ir\u00e1ny\u00edt\u00e1si rendszert vezetett be (IATF 16949:2016 \u00e9s ISO 14001). A rendszer fenntart\u00e1sa garant\u00e1lja \u00fcgyfeleink sz\u00e1m\u00e1ra, hogy c\u00e9g\u00fcnk hossz\u00fat\u00e1von elk\u00f6telezett a min\u0151s\u00e9g ir\u00e1nt, \u00e9s arra t\u00f6rekszik, hogy tev\u00e9kenys\u00e9ge sor\u00e1n min\u00e9l kev\u00e9sb\u00e9 terhelje k\u00f6rnyezet\u00e9t.<\/p>\n\n\n\n<figure class=\"wp-block-gallery has-nested-images columns-2 is-cropped\">\n<figure class=\"wp-block-image size-large\"><img loading=\"lazy\" width=\"724\" height=\"1024\" data-id=\"274\"  src=\"https:\/\/i-pro.hu\/wp-content\/uploads\/2022\/03\/1995-02-05-Tanus_NQA_IATF-16949_Angol-724x1024.png\" alt=\"\" class=\"wp-image-274\" srcset=\"https:\/\/i-pro.hu\/wp-content\/uploads\/2022\/03\/1995-02-05-Tanus_NQA_IATF-16949_Angol-724x1024.png 724w, https:\/\/i-pro.hu\/wp-content\/uploads\/2022\/03\/1995-02-05-Tanus_NQA_IATF-16949_Angol-212x300.png 212w, https:\/\/i-pro.hu\/wp-content\/uploads\/2022\/03\/1995-02-05-Tanus_NQA_IATF-16949_Angol-768x1087.png 768w, https:\/\/i-pro.hu\/wp-content\/uploads\/2022\/03\/1995-02-05-Tanus_NQA_IATF-16949_Angol.png 826w\" sizes=\"(max-width: 724px) 100vw, 724px\" \/><\/figure>\n\n\n\n<figure class=\"wp-block-image size-large\"><img loading=\"lazy\" width=\"724\" height=\"1024\" data-id=\"301\"  src=\"https:\/\/i-pro.hu\/wp-content\/uploads\/2024\/08\/1995-01-13-Tanus_NQA_ISO-14001_2015_English2-724x1024.jpg\" alt=\"\" class=\"wp-image-301\" srcset=\"https:\/\/i-pro.hu\/wp-content\/uploads\/2024\/08\/1995-01-13-Tanus_NQA_ISO-14001_2015_English2-724x1024.jpg 724w, https:\/\/i-pro.hu\/wp-content\/uploads\/2024\/08\/1995-01-13-Tanus_NQA_ISO-14001_2015_English2-212x300.jpg 212w, https:\/\/i-pro.hu\/wp-content\/uploads\/2024\/08\/1995-01-13-Tanus_NQA_ISO-14001_2015_English2-768x1086.jpg 768w, https:\/\/i-pro.hu\/wp-content\/uploads\/2024\/08\/1995-01-13-Tanus_NQA_ISO-14001_2015_English2-1087x1536.jpg 1087w, https:\/\/i-pro.hu\/wp-content\/uploads\/2024\/08\/1995-01-13-Tanus_NQA_ISO-14001_2015_English2-1449x2048.jpg 1449w, https:\/\/i-pro.hu\/wp-content\/uploads\/2024\/08\/1995-01-13-Tanus_NQA_ISO-14001_2015_English2-1140x1611.jpg 1140w, https:\/\/i-pro.hu\/wp-content\/uploads\/2024\/08\/1995-01-13-Tanus_NQA_ISO-14001_2015_English2-scaled.jpg 1811w\" sizes=\"(max-width: 724px) 100vw, 724px\" \/><\/figure>\n\n\n\n<figure class=\"wp-block-image size-large\"><img data-id=\"187\"  src=\"https:\/\/i-pro.hu\/wp-content\/uploads\/2021\/02\/I-PRO-Hungary-Kft_NQA_ISO-14001_2015_Eng.pdf\" alt=\"\" class=\"wp-image-187\"\/><\/figure>\n<\/figure>\n","protected":false},"excerpt":{"rendered":"<p>C\u00e9g\u00fcnk m\u00e1r a megalap\u00edt\u00e1s kezdetekor a min\u0151s\u00e9get \u00e1ll\u00edtotta tev\u00e9kenys\u00e9ge k\u00f6z\u00e9ppontj\u00e1ba. C\u00e9lkit\u0171z\u00e9seink k\u00f6z\u00f6tt szerepel szolg\u00e1ltat\u00e1saink folyamatos min\u0151s\u00e9gi fejleszt\u00e9se, illetve \u00fcgyfeleink min\u0151s\u00e9gi kiszolg\u00e1l\u00e1sa. Annak \u00e9rdek\u00e9ben, hogy keretet adjunk c\u00e9lkit\u0171z\u00e9seinknek, c\u00e9g\u00fcnk integr\u00e1lt ir\u00e1ny\u00edt\u00e1si rendszert vezetett be (IATF 16949:2016 \u00e9s ISO 14001). A rendszer fenntart\u00e1sa garant\u00e1lja \u00fcgyfeleink sz\u00e1m\u00e1ra, hogy c\u00e9g\u00fcnk hossz\u00fat\u00e1von elk\u00f6telezett a min\u0151s\u00e9g ir\u00e1nt, \u00e9s arra t\u00f6rekszik, hogy tev\u00e9kenys\u00e9ge sor\u00e1n min\u00e9l kev\u00e9sb\u00e9 terhelje k\u00f6rnyezet\u00e9t.<\/p>\n","protected":false},"author":2,"featured_media":0,"parent":0,"menu_order":0,"comment_status":"closed","ping_status":"closed","template":"templates\/template-full-width.php","meta":[],"_links":{"self":[{"href":"https:\/\/i-pro.hu\/index.php?rest_route=\/wp\/v2\/pages\/58"}],"collection":[{"href":"https:\/\/i-pro.hu\/index.php?rest_route=\/wp\/v2\/pages"}],"about":[{"href":"https:\/\/i-pro.hu\/index.php?rest_route=\/wp\/v2\/types\/page"}],"author":[{"embeddable":true,"href":"https:\/\/i-pro.hu\/index.php?rest_route=\/wp\/v2\/users\/2"}],"replies":[{"embeddable":true,"href":"https:\/\/i-pro.hu\/index.php?rest_route=%2Fwp%2Fv2%2Fcomments&post=58"}],"version-history":[{"count":13,"href":"https:\/\/i-pro.hu\/index.php?rest_route=\/wp\/v2\/pages\/58\/revisions"}],"predecessor-version":[{"id":302,"href":"https:\/\/i-pro.hu\/index.php?rest_route=\/wp\/v2\/pages\/58\/revisions\/302"}],"wp:attachment":[{"href":"https:\/\/i-pro.hu\/index.php?rest_route=%2Fwp%2Fv2%2Fmedia&parent=58"}],"curies":[{"name":"wp","href":"https:\/\/api.w.org\/{rel}","templated":true}]}}