{"id":65,"date":"2020-07-24T18:40:55","date_gmt":"2020-07-24T16:40:55","guid":{"rendered":"https:\/\/i-pro.hu\/?page_id=65"},"modified":"2020-07-24T21:40:14","modified_gmt":"2020-07-24T19:40:14","slug":"elektrotechnikai-alkatresz-gyartas","status":"publish","type":"page","link":"https:\/\/i-pro.hu\/?page_id=65","title":{"rendered":"Elektrotechnikai alkatr\u00e9sz gy\u00e1rt\u00e1s"},"content":{"rendered":"\n<p><\/p>\n\n\n\n<p class=\"has-text-color has-subtle-background-color\">C\u00e9g\u00fcnk f\u0151 tev\u00e9kenys\u00e9gi k\u00f6re az elektrotechnikai alkatr\u00e9sz gy\u00e1rt\u00e1s, azon bel\u00fcl is legnagyobb ar\u00e1nyban aut\u00f3iparban haszn\u00e1lt csatlakoz\u00f3k \u00f6sszeszerel\u00e9se t\u00f6rt\u00e9nik telephely\u00fcnk\u00f6n. A k\u00e9zi \u00f6sszeszerel\u00e9s mellett f\u00e9lautomata \u00e9s automata g\u00e9pek is rendelkez\u00e9s\u00fcnkre \u00e1llnak a szerel\u00e9si feladatok elv\u00e9gz\u00e9s\u00e9re.<\/p>\n\n\n\n<p class=\"has-text-color has-subtle-background-color\">M\u00e1r a gy\u00e1rt\u00e1si folyamatok megtervez\u00e9s\u00e9n\u00e9l is a hibamentes (poka-yoke) m\u00f3dszereket \u00e9s eszk\u00f6z\u00f6ket prefer\u00e1ljuk, hiszen az aut\u00f3iparban alapk\u00f6vetelm\u00e9nyk\u00e9nt t\u00e1masztott hibamentes gy\u00e1rt\u00e1s \u00edgy biztos\u00edthat\u00f3 a legk\u00f6nnyebben. Tev\u00e9kenys\u00e9g\u00fcnkb\u0151l fakad\u00f3an legjelent\u0151sebb er\u0151forr\u00e1sunk a k\u00e9pzett hum\u00e1n szakemberg\u00e1rda, mely rendelkez\u00e9s\u00fcnkre \u00e1ll.<\/p>\n\n\n\n<p class=\"has-text-color has-subtle-background-color\">Az ut\u00f3bbi \u00e9vekben nagy tapasztalatra tett\u00fcnk szert a Just In Time (JIT) gy\u00e1rt\u00e1s ter\u00fclet\u00e9n, mivel \u00fagy tapasztaljuk, hogy a piac egyre ink\u00e1bb az olyan besz\u00e1ll\u00edt\u00f3kat keresi, akik k\u00e9pesek a kis sz\u00e9ri\u00e1s k\u00e9szlet n\u00e9lk\u00fcli termel\u00e9sre, \u00e9s akik k\u00e9pesek a v\u00e1ltoz\u00f3 ig\u00e9nyekre azonnal reag\u00e1lni. A JIT gy\u00e1rt\u00e1s biztos\u00edtja, hogy gyorsan, ak\u00e1r m\u0171szakon bel\u00fcli t\u00f6bbsz\u00f6r is v\u00e1ltsunk egyik term\u00e9kr\u0151l a m\u00e1sikra, a mennyis\u00e9gi ig\u00e9nyek k\u00fcl\u00f6nb\u00f6z\u0151s\u00e9g\u00e9t pedig az egyes sorozatok el\u0151fordul\u00e1si ar\u00e1ny\u00e1nak be\u00e1ll\u00edt\u00e1s\u00e1val kezelj\u00fck. Tov\u00e1bbi el\u0151nye az ilyen t\u00edpus\u00fa termel\u00e9snek, hogy a gy\u00e1rt\u00e1shoz csup\u00e1n minim\u00e1lis k\u00e9szlet sz\u00fcks\u00e9ges. A JIT rendszer viszont csak \u00fagy tud t\u00f6k\u00e9letesen m\u0171k\u00f6dni, ha abba a munkat\u00e1rsak is be vannak vonva, hiszen a kis gy\u00e1rt\u00e1si t\u00e9telek miatt gyakori v\u00e1lt\u00e1s sz\u00fcks\u00e9ges, amit csak k\u00e9pzett szakemberg\u00e1rda k\u00e9pes megfelel\u0151en kivitelezni.<\/p>\n","protected":false},"excerpt":{"rendered":"<p>C\u00e9g\u00fcnk f\u0151 tev\u00e9kenys\u00e9gi k\u00f6re az elektrotechnikai alkatr\u00e9sz gy\u00e1rt\u00e1s, azon bel\u00fcl is legnagyobb ar\u00e1nyban aut\u00f3iparban haszn\u00e1lt csatlakoz\u00f3k \u00f6sszeszerel\u00e9se t\u00f6rt\u00e9nik telephely\u00fcnk\u00f6n. A k\u00e9zi \u00f6sszeszerel\u00e9s mellett f\u00e9lautomata \u00e9s automata g\u00e9pek is rendelkez\u00e9s\u00fcnkre \u00e1llnak a szerel\u00e9si feladatok elv\u00e9gz\u00e9s\u00e9re. M\u00e1r a gy\u00e1rt\u00e1si folyamatok megtervez\u00e9s\u00e9n\u00e9l is a hibamentes (poka-yoke) m\u00f3dszereket \u00e9s eszk\u00f6z\u00f6ket prefer\u00e1ljuk, hiszen az aut\u00f3iparban alapk\u00f6vetelm\u00e9nyk\u00e9nt t\u00e1masztott hibamentes gy\u00e1rt\u00e1s \u00edgy biztos\u00edthat\u00f3 a legk\u00f6nnyebben. Tev\u00e9kenys\u00e9g\u00fcnkb\u0151l fakad\u00f3an legjelent\u0151sebb er\u0151forr\u00e1sunk a k\u00e9pzett hum\u00e1n szakemberg\u00e1rda, mely rendelkez\u00e9s\u00fcnkre \u00e1ll. Az ut\u00f3bbi \u00e9vekben nagy tapasztalatra tett\u00fcnk szert a Just In Time (JIT) gy\u00e1rt\u00e1s ter\u00fclet\u00e9n, mivel \u00fagy tapasztaljuk, hogy a piac egyre ink\u00e1bb az olyan besz\u00e1ll\u00edt\u00f3kat keresi, akik k\u00e9pesek a kis sz\u00e9ri\u00e1s k\u00e9szlet n\u00e9lk\u00fcli termel\u00e9sre, \u00e9s akik k\u00e9pesek a v\u00e1ltoz\u00f3 ig\u00e9nyekre azonnal reag\u00e1lni. A JIT gy\u00e1rt\u00e1s biztos\u00edtja, hogy gyorsan, ak\u00e1r m\u0171szakon bel\u00fcli t\u00f6bbsz\u00f6r is v\u00e1ltsunk egyik term\u00e9kr\u0151l a m\u00e1sikra, a mennyis\u00e9gi ig\u00e9nyek k\u00fcl\u00f6nb\u00f6z\u0151s\u00e9g\u00e9t pedig az egyes sorozatok el\u0151fordul\u00e1si ar\u00e1ny\u00e1nak be\u00e1ll\u00edt\u00e1s\u00e1val kezelj\u00fck. Tov\u00e1bbi el\u0151nye az ilyen t\u00edpus\u00fa termel\u00e9snek, hogy a gy\u00e1rt\u00e1shoz csup\u00e1n minim\u00e1lis k\u00e9szlet sz\u00fcks\u00e9ges. A JIT rendszer viszont csak \u00fagy tud t\u00f6k\u00e9letesen m\u0171k\u00f6dni, ha abba a munkat\u00e1rsak is be vannak vonva, hiszen a kis gy\u00e1rt\u00e1si t\u00e9telek miatt gyakori v\u00e1lt\u00e1s sz\u00fcks\u00e9ges, amit csak k\u00e9pzett szakemberg\u00e1rda k\u00e9pes megfelel\u0151en kivitelezni.<\/p>\n","protected":false},"author":2,"featured_media":0,"parent":0,"menu_order":0,"comment_status":"closed","ping_status":"closed","template":"templates\/template-full-width.php","meta":[],"_links":{"self":[{"href":"https:\/\/i-pro.hu\/index.php?rest_route=\/wp\/v2\/pages\/65"}],"collection":[{"href":"https:\/\/i-pro.hu\/index.php?rest_route=\/wp\/v2\/pages"}],"about":[{"href":"https:\/\/i-pro.hu\/index.php?rest_route=\/wp\/v2\/types\/page"}],"author":[{"embeddable":true,"href":"https:\/\/i-pro.hu\/index.php?rest_route=\/wp\/v2\/users\/2"}],"replies":[{"embeddable":true,"href":"https:\/\/i-pro.hu\/index.php?rest_route=%2Fwp%2Fv2%2Fcomments&post=65"}],"version-history":[{"count":3,"href":"https:\/\/i-pro.hu\/index.php?rest_route=\/wp\/v2\/pages\/65\/revisions"}],"predecessor-version":[{"id":160,"href":"https:\/\/i-pro.hu\/index.php?rest_route=\/wp\/v2\/pages\/65\/revisions\/160"}],"wp:attachment":[{"href":"https:\/\/i-pro.hu\/index.php?rest_route=%2Fwp%2Fv2%2Fmedia&parent=65"}],"curies":[{"name":"wp","href":"https:\/\/api.w.org\/{rel}","templated":true}]}}